{"id":117,"date":"2019-09-28T12:51:42","date_gmt":"2019-09-28T09:51:42","guid":{"rendered":"http:\/\/www.rocket-records.com\/fi\/?page_id=117"},"modified":"2026-01-23T13:13:17","modified_gmt":"2026-01-23T11:13:17","slug":"digijulkaisut","status":"publish","type":"page","link":"https:\/\/www.rocket-records.com\/fi\/digijulkaisut\/","title":{"rendered":"Digijulkaisut"},"content":{"rendered":"\n<h4 class=\"wp-block-heading\">Digijulkaisut<\/h4>\n\n\n\n<p>T\u00e4lt\u00e4 sivulta l\u00f6yd\u00e4t Rocket Recordsin digijulkaisujen nimikeluettelon. Listalta puuttuu yksitt\u00e4isi\u00e4 nimikkeit\u00e4.<br><br>Uusimmat julkaisumme l\u00f6yd\u00e4t Spotifysta soittolistalta <a href=\"https:\/\/open.spotify.com\/playlist\/15ahUWeLCDc6QEi0zjPvk1?si=8e67799879114c5e\" target=\"_blank\" rel=\"noreferrer noopener\">Rocket Recordsin uutuusjulkaisut<\/a>.<br><br>Rocket Recordsin digikatalogi koostuu levymerkin oman uutuustuotannon lis\u00e4ksi mm. seuraavien levymerkkien tuotannosta: <a aria-label=\" (avautuu uudessa v\u00e4lilehdess\u00e4)\" href=\"https:\/\/www.rocket-records.com\/fi\/satsanga\" target=\"_blank\" rel=\"noreferrer noopener\">Satsanga Records<\/a>, JP-Musiikki, Overdisc, <a aria-label=\"TopHits-FinnHits (avautuu uudessa v\u00e4lilehdess\u00e4)\" href=\"https:\/\/www.rocket-records.com\/fi\/tophits\" target=\"_blank\" rel=\"noreferrer noopener\">TopHits-FinnHits<\/a>, <a aria-label=\" (avautuu uudessa v\u00e4lilehdess\u00e4)\" href=\"https:\/\/www.rocket-records.com\/fi\/tophits-finnhits-heliander-production\/\" target=\"_blank\" rel=\"noreferrer noopener\">Heliander Production<\/a>, Xanadu, Finedit ja Lobo Records.<br><br>AAPELI RUMMUKAINEN<br>Huumorilla ja tunteella<\/p>\n\n\n\n<p>AARNO RANINEN<br>Iltamatanssit<br>Suosikis\u00e4veli\u00e4 s\u00e4hk\u00f6uruilla<\/p>\n\n\n\n<p>ACRE KARI<br>Unohtumaton vokstrotti<\/p>\n\n\n\n<p>AHTI LAMPI<br>Kaunis Suomi (single)<\/p>\n\n\n\n<p>AIKAMIEHET<br>15-vuotiaat Aikamiehet<\/p>\n\n\n\n<p>AILA-INKERI<br>Oot leikkikaluni (single)<\/p>\n\n\n\n<p>AKU ANKKKULI<br>Toivesarja<\/p>\n\n\n\n<p>AMULET<br>Monet joet ylit\u00e4n<\/p>\n\n\n\n<p>ANITA HIRVONEN<br>Parhaat<br>Syd\u00e4n rakastaa &#8211; Kootut levytykset 1976-1980<br>T\u00e4n\u00e4\u00e4n<br>Villitsee mun (single)<br>Villitsee mun<\/p>\n\n\n\n<p>ANJA NISKANEN<br>Personligt<br>Valoisat tunteet<\/p>\n\n\n\n<p>ANNU &amp; SEPPO ALVARI BAND<br>Halata sua haluisin (single)<br>Jos t\u00e4\u00e4 rakkautta on (single)<br>Kes\u00e4h\u00e4\u00e4t (single)<br>Punaa huuliin (single)<br>Siihen on syy (single)<\/p>\n\n\n\n<p>ARKATAVARA<br>Arkatavara<\/p>\n\n\n\n<p>ARTO SOTAVALTA<br>Nimitt\u00e4in<\/p>\n\n\n\n<p>BATTAGLIA<br>Onnen p\u00e4iv\u00e4t<\/p>\n\n\n\n<p>BERIT<br>Kasvot v\u00e4kijoukossa<\/p>\n\n\n\n<p>BOBBY BEE BUICKS<br>Saturday Nights (single)<\/p>\n\n\n\n<p>CASTANJA<br>Castanja<br>Ilmalaivalaulu (single)<br>Kes\u00e4kukka (single)<\/p>\n\n\n\n<p>DALLAPE &amp; KOSTI SEPP\u00c4L\u00c4<br>Suomen joutsen<\/p>\n\n\n\n<p>DAVE TAYLOR<br>Lonely as I Can Be (single)<\/p>\n\n\n\n<p>DEVIL\u00b4S MILK<br>Devil\u00b4s Milk<\/p>\n\n\n\n<p>DIAMONDS, THE<br>Dance on<\/p>\n\n\n\n<p>EEMELI<br>Mulla menee hitaasti (single)<\/p>\n\n\n\n<p>EERO RANNIO<br>Alan sheikkaamaan (single)<br>Luonasi sun (single)<br>Rokkaudesta rakkauteen<br>Varokaa jeesushippi todistaa<\/p>\n\n\n\n<p>ENRICO CANTO<br>Laulu sinulle<br>Poimulehti &#8211; Laulusarja Ilmari Pimi\u00e4n runoihin<\/p>\n\n\n\n<p>ERKKI ER\u00c4S<br>Vain tuuli tiet\u00e4\u00e4<\/p>\n\n\n\n<p>ERKKI ER\u00c4S, KALEVI KORPI &amp; REIJO TAIPALE<br>Muistojen Miehikk\u00e4l\u00e4 (single)<\/p>\n\n\n\n<p>ERKKI ERTAMA<br>Petteri Punakuono<br>Yhden miehen big band &#8211; Suomalaisia ikivihreit\u00e4 s\u00e4hk\u00f6uruilla<\/p>\n\n\n\n<p>ERKKI LEPP\u00c4NEN<br>M\u00e4 luotan yst\u00e4vyyteen<\/p>\n\n\n\n<p>ERNO LINDAHL &amp; PEKKA LOUKIALA<br>Nimitt\u00e4in<\/p>\n\n\n\n<p>ESKO AHO<br>Esko Aho<\/p>\n\n\n\n<p>ESKO KOSKINEN<br>Just eik\u00e4 melkein<\/p>\n\n\n\n<p>ESKO LARKAS<br>Riivatun huonoa tuuria<\/p>\n\n\n\n<p>ESKO RAHKONEN<br>Askel syd\u00e4meen<br>Askel syd\u00e4meen &#8211; Levytyksi\u00e4 vuosilta 1975-1978<br>Kaukainen kotiseutuni<br>Kotiseutu pohjolassa &#8211; Levytyksi\u00e4 vuosilta 1974-1976<br>Laaksojen laulu<br>Paljon sanomatta j\u00e4\u00e4<br>Parhaat<br>Tangokavaljeeri<\/p>\n\n\n\n<p>ETEL\u00c4-H\u00c4MEEN PELIMANNIT<br>Etel\u00e4-H\u00e4meen Pelimannit<\/p>\n\n\n\n<p>EUGEN MALMST\u00c9N &amp; JAZZVIKINGS<br>Jatsiviikingit<\/p>\n\n\n\n<p>EXCITER<br>Automania<\/p>\n\n\n\n<p>FANTASIA<br>Bosses l\u00e5t (single)<\/p>\n\n\n\n<p>HAIKARA<br>Iso lintu<\/p>\n\n\n\n<p>HANNU MERKKU<br>Sompiolaista verta<\/p>\n\n\n\n<p>HARRI MARSTIO<br>El\u00e4m\u00e4 vie<\/p>\n\n\n\n<p>HARRI SAKSALA<br>Aleksis Kivi<br>Kes\u00e4kaipuu (single)<br>Laulajien laulu (single)<br>Vaellan, vaellan<\/p>\n\n\n\n<p>HARRI SAKSALA &amp; KADUNMIEHET<br>El\u00e4m\u00e4 on v\u00e4kev\u00e4\u00e4<\/p>\n\n\n\n<p>HARRI SAKSALA &amp; OLIVER MANOURY<br>Harri Saksala &amp; Oliver Manoury<\/p>\n\n\n\n<p>HARRI SAKSALA &amp; TANGONEON<br>Le Tango<\/p>\n\n\n\n<p>HEIDI VAARNA &amp; ESKO RISSANEN<br>Vysotskin lauluja<\/p>\n\n\n\n<p>HEIKKI KOTILAINEN<br>Balladi pienviljelij\u00e4st\u00e4 (single)<\/p>\n\n\n\n<p>HELENA SALO<br>Haaveiden maa<\/p>\n\n\n\n<p>HI-LO &amp; BETWEEN<br>White Whale<\/p>\n\n\n\n<p>HILLA ISOM\u00c4KI<br>\u00cbnkelitanssi (single)<br>Kissaihmisi\u00e4 (single)<br>Syd\u00e4n j\u00e4\u00e4 syytt\u00e4m\u00e4\u00e4n (single)<\/p>\n\n\n\n<p>HILLEL TOKAZIER<br>Hillel Tokazier<br>Hillel Tokazier &amp; piano<\/p>\n\n\n\n<p>HYVINK\u00c4\u00c4N RAUTATIEN SOITTAJAT<br>Asemamiehen jenkka<\/p>\n\n\n\n<p>IGOR SIDOROW<br>Iloinen jouluhammond<\/p>\n\n\n\n<p>IINA<br>Ei \u00e4iti huomaa (single)<\/p>\n\n\n\n<p>INKA<br>After All (single)<br>Night Butterfly (single)<br>Vaeltaja<br>Y\u00f6perhonen (single)<br>\u00c4l\u00e4 ota pois rakkautta (single)<\/p>\n\n\n\n<p>ISLANDERS<br>Speed<\/p>\n\n\n\n<p>J. SALMINEN SYSTEMS<br>Rokki on taidetta<\/p>\n\n\n\n<p>JAAKKO &amp; MIKAEL KVARTETTI<br>Agenttijuna<\/p>\n\n\n\n<p>JAAKKO TEPPO<br>J\u00e4lkitauti &#8211; Kaikki levytykset 1980-1986<br>Katuojalaulaja<br>Onnen kerj\u00e4l\u00e4inen<br>Ruikonper\u00e4n multakurkku<br>Sammakkoprinssi &#8211; Kaikki levytykset 1987-1993<\/p>\n\n\n\n<p>JAN SEBASTIAN<br>Jan Sebastian<\/p>\n\n\n\n<p>JANNE HIRVONEN<br>T\u00e4ydenkuun aikaan (single)<br><br>JARMO JYLH\u00c4<br>Noutaja (single)<\/p>\n\n\n\n<p>JARNO SARJANEN<br>Keskikalja-cowboy<br>Keskikalja-cowboy &#8211; Kootut levytykset 1977-2008, osa 2<br>Mustat kaleerit<br>Nimitt\u00e4in<br>Unohtumattomat<br>Varjoel\u00e4m\u00e4\u00e4<\/p>\n\n\n\n<p>JASKA M\u00c4KYNEN<br>Alla etel\u00e4n taivaan<\/p>\n\n\n\n<p>JASMINE &amp; DONNA<br>Viva l\u00b4amor<\/p>\n\n\n\n<p>JAZZVIKINGS<br>Vauhdissa<\/p>\n\n\n\n<p>JEAN-CLAUDE OLIVER<br>Musiikin eksotiikkaa<\/p>\n\n\n\n<p>JEAN-PIERRE SABAR<br>Aurinkoinen musiikkimatka<\/p>\n\n\n\n<p>JOHNNY SAVAGE &amp; THE RIDERS<br>Night Bar Boogie<br>Rockin\u00b4 Through the Rye (single)<\/p>\n\n\n\n<p>JOHNNY SAVAGE &amp; THE RIDERS, CANDY KIDS &amp; TEX &amp; THE DIXIE REBELS<br>Rockabilly Generation<\/p>\n\n\n\n<p>JOSE KUUSISTO<br>Mua jossakin kuulet<\/p>\n\n\n\n<p>JOUKO NIUHA<br>Lada-tango (single)<br>Lamalaulut<\/p>\n\n\n\n<p>JOUKO NIUHA &amp; THE STEELERS<br>Tuopeissa vaahtoaa<\/p>\n\n\n\n<p>JUHAMATTI<br>Joulujuhlan aika<br>Sinivalkoista<br>\u00c4l\u00e4 pelk\u00e4\u00e4 olla hell\u00e4<br>\u00c4l\u00e4 pelk\u00e4\u00e4 olla hell\u00e4 (single)<\/p>\n\n\n\n<p>JUKKA \u00c5GREN<br>Nostalgiaa<\/p>\n\n\n\n<p>JUKKA HEINO<br>Havumetsien maa &#8211; Levytyksi\u00e4 vuosilta 1973-1986<br>Kokem\u00e4enjoesta ylpe\u00e4 (single)<\/p>\n\n\n\n<p>JUKKA HEINO &amp; KOKEM\u00c4EN MIESLAULAJAT<br>Juhlan aika (single)<\/p>\n\n\n\n<p>JUKKA KUOPPAM\u00c4KI<br>Aurinkomaa<br>Blau und weib<br>Blue And White<br>Caprilaulu (single)<br>Dixi-Coat (single)<br>Kultaa tai kunniaa<br>Lainatut laulut<br>Love<br>Miljoona hikist\u00e4 kilometri\u00e4<br>Miljoona hikist\u00e4 kilometri\u00e4 &#8211; Levytyksi\u00e4 vuosilta 1976-1978<br>Niin kaikki on kuin ennenkin &#8211; Levytyksi\u00e4 vuosilta 1974-1975<br>Pieni laulu vapaudesta &#8211; Levytyksi\u00e4 vuodelta 1973<br>Pieni tytt\u00f6ni mun (single)<br>Pilvet<br>P\u00e4ng p\u00e4ng<br>Rakkautta maailmaan<br>Sininen ja valkoinen<br>Sininen ja valkoinen (single)<br>Takaisin kotiin (single)<br>Valkoinen lilja<br>Viivy viel\u00e4 hetki<br>V\u00e4in\u00e4m\u00f6inen<br>Wounded Knee<\/p>\n\n\n\n<p>JUKKA KUOPPAM\u00c4KI, PIRITTA &amp; LAPSET<br>Lapsuuteni lumijoulu<\/p>\n\n\n\n<p>JUKKA LINKOLA &amp; JUKKA ITKONEN<br>Astoria<\/p>\n\n\n\n<p>JUSSI VIHUNEN &amp; RAIMO VAINION YHTYE<br>Elviira (single)<br>Hurjaa humppaa<\/p>\n\n\n\n<p>JUST DIVORCED<br>L\u00e4ntinen lupaus<\/p>\n\n\n\n<p>JUVA<br>Catacombi Rock (single)<br>Rocksielu<\/p>\n\n\n\n<p>KAI GIDEON<br>Anna k\u00e4si mulle (single)<br>Vihe\u00e4t niityt (single)<br>Yksi p\u00e4iv\u00e4 kerrallaan<\/p>\n\n\n\n<p>KAI LIND<br>1979<\/p>\n\n\n\n<p>KALEVI KORPI<br>Levytyksi\u00e4 vuosilta 1977-1982<br>Muistathan kai &#8211; Suosituimmat operettis\u00e4velm\u00e4t<br>Tangoyst\u00e4v\u00e4lle<\/p>\n\n\n\n<p>KALEVI KORPI &amp; LASSE KUUSELA<br>Nimitt\u00e4in<\/p>\n\n\n\n<p>KARI HILLO<br>Kitaroiden<\/p>\n\n\n\n<p>KARI ILMONEN<br>Erotessa (single)<br>Kes\u00e4 66 (single)<br>Luonnonvaloa (single)<br>Murheinen lokki (single)<\/p>\n\n\n\n<p>KARI KUUVA<br>Jokainen ossaa tehd\u00e4 iskelm\u00e4n (single)<br>Nimitt\u00e4in<\/p>\n\n\n\n<p>KARI LUUKKONEN<br>Viulun taikaa<\/p>\n\n\n\n<p>KARI PEITSAMO<br>30th Anniversary Album<br>60<br>Black Album<br>From Toijala with love<br>Hiljaisten seiv\u00e4shypp\u00e4\u00e4jien kerho (single)<br>Jankku Boogie (single)<br>Kari Peitsamo<br>Kauppaopiston naiset (single)<br>Maan alla<br>Se on vain rokkia<br>Sokea Joe<br>Takaisin It\u00e4-Saksaan<br>Tuomo, laita aika hiljaiselle t\u00e4\u00e4 kazoo<\/p>\n\n\n\n<p>KARI PEITSAMO &amp; RANKKURIT<br>Jatsin uusin olemus<\/p>\n\n\n\n<p>KARI PEITSAMO &amp; RISTO<br>Gotta Build a Railroad, Gotta Build a Train (single)<br>Second Coming of Mr. Jesus H. Christ<\/p>\n\n\n\n<p>KARI PEITSAMO ROAD HOGS<br>In Memory of Rigger Dan<br>Kitarani haluaa rakastella \u00e4iti\u00e4si rajusti<br>Pahat pojat ovat j\u00e4lleen t\u00e4\u00e4ll\u00e4<br>Rautahepo<\/p>\n\n\n\n<p>KARI PEITSAMON SKOOTTERI<br>Liskon laki<\/p>\n\n\n\n<p>KARPALO<br>Tuhansin \u00e4\u00e4nin (single)<br>Yhteinen tie<\/p>\n\n\n\n<p>KARVAKUONOT<br>Karvakuonot joulutuulella<br>Luusoppaa<\/p>\n\n\n\n<p>KEIJO-ANTERO<br>Kulkurin iltat\u00e4hti<br>Omiani laulelelen<br>Tuli lauantai<\/p>\n\n\n\n<p>KIKE ELOMAA<br>Hymykuopat<br>Kiken kuntojumppa<\/p>\n\n\n\n<p>KIMMO KUUSNIEMI BAND<br>Moottorilinnut<\/p>\n\n\n\n<p>KIMMO LISKOM\u00c4EN PITK\u00c4T KALSARIT<br>Perustuu tositapahtumiin<\/p>\n\n\n\n<p>KIRSI<br>Kupla vain (single)<\/p>\n\n\n\n<p>KIRSTI WILLBERG<br>Kansansatuja eri maista<br>Prinsessasatuja<\/p>\n\n\n\n<p>KOIVUMIES<br>Rajat kii<\/p>\n\n\n\n<p>KOJO<br>Suloinen Maria<\/p>\n\n\n\n<p>KOJO &amp; THE GREAT BOOGIE BAND<br>Kojo &amp; The Great Boogie Band<\/p>\n\n\n\n<p>KOMISSIO<br>Komissio<br>Mouse in the Misery (single)<\/p>\n\n\n\n<p>KRIYA<br>Kriya<\/p>\n\n\n\n<p>LASSE KUUSELA<br>Vanhoissa tunnelmissa<\/p>\n\n\n\n<p>LEENA-KRISTIINA &amp; RAIJA RUUSKA<br>Humppatyt\u00f6t<\/p>\n\n\n\n<p>LENI<br>Maan vaiva (single)<br>Parhaat<\/p>\n\n\n\n<p>LEVYNH\u00c4VITT\u00c4J\u00c4T<br>Levynh\u00e4vitt\u00e4j\u00e4t &#8211; Uusia isojen poikien lauluja<\/p>\n\n\n\n<p>LIISA JOMPPANEN &amp; OLAVI JOMPPANEN<br>Folklore<\/p>\n\n\n\n<p>LIPPONEN<br>Pistet\u00e4\u00e4n sikaa<\/p>\n\n\n\n<p>LOS KYRIOS<br>Del Paraguay<\/p>\n\n\n\n<p>MARIANNA N\u00c4RHI<br>Chic (single)<\/p>\n\n\n\n<p>MARKKU HAKALA<br>Kurjet (single)<\/p>\n\n\n\n<p>MARKO HAAVISTO &amp; SEPPO ALVARI BAND<br>Hyl\u00e4ttyj\u00e4 lemmikkej\u00e4<br>Kovien katujen huomaan (single)<br>Monta hyv\u00e4\u00e4 syyt\u00e4 (single)<br>Parempi lent\u00e4\u00e4 parvessa (single)<\/p>\n\n\n\n<p>MARTTI INNANEN<br>Himalajan panttilainaamon iltasoitto<br>Huuhaa Cabar\u00e9<br>Joe Smith Rasilian Satemets\u00e4ss\u00e4<br>Kissantervaaja<br>Vasemman puntin salaisuus<\/p>\n\n\n\n<p>MARTTI INNANEN &amp; KAUKO HELOVIRTA<br>Kauhistuttavia satuja aikuisille<\/p>\n\n\n\n<p>MARTTI SIIRI\u00c4INEN<br>Naisten tanssit<\/p>\n\n\n\n<p>MATTI ESKO<br>H\u00e4\u00e4p\u00e4iv\u00e4n\u00e4 (single)<br>Pukinpunainen (single)<\/p>\n\n\n\n<p>MATTIJUHANI KOPONEN &amp; UPI SORVALI<br>Aurinko ja tuuli<\/p>\n\n\n\n<p>MAUKKA PERUSJ\u00c4TK\u00c4<br>El\u00e4m\u00e4 pienin\u00e4 palasina<\/p>\n\n\n\n<p>MEIJU<br>Kotia p\u00e4in (single)<br>Sulle vain syd\u00e4meni aukaisen (single)<\/p>\n\n\n\n<p>MERI NENONEN<br>Arvaa set\u00e4<\/p>\n\n\n\n<p>MIIKA S\u00d6DERHOLM<br>2:28 (single)<br>Kuusnolla<\/p>\n\n\n\n<p>MINNA MANNONEN<br>Maalaishiiri ja kaupunkilaishiiri<br>Pikkupiika ja kana<\/p>\n\n\n\n<p>MINNA MANNONEN, TIINA HANNELE &amp; SAKARI WIRTA<br>Lasten vitsit<\/p>\n\n\n\n<p>MOONLIGHT<br>The Edge<\/p>\n\n\n\n<p>MURRIT<br>Murrien parrhaat<br>Satuset\u00e4 sekop\u00e4\u00e4<br>Varpunen jouluaamuna (single)<\/p>\n\n\n\n<p>NIMBUS<br>Obus<\/p>\n\n\n\n<p>NINA COSTA<br>Ime kala (single)<br>T\u00e4llainen olen<\/p>\n\n\n\n<p>NUMMISUUTARIT<br>Nykyaika<br>Unohtumattomat<\/p>\n\n\n\n<p>NYPYK\u00c4T<br>Kallellaan (single)<br>Livekala ja perkeet<br>Luuseri (single)<br>Suomi el\u00e4\u00e4 mets\u00e4ss\u00e4 (single)<\/p>\n\n\n\n<p>OIVA KALTIOKUMPU<br>Lapin sheriffi<\/p>\n\n\n\n<p>OLAVI MIETTINEN<br>Viimeinen j\u00e4tk\u00e4<\/p>\n\n\n\n<p>OLLI OIVANEN<br>On rakkaus t\u00e4rkein tunne (single)<br>Sininen ja valkoinen (single)<br>Y\u00f6n kylm\u00e4t kyyneleet (single)<\/p>\n\n\n\n<p>OLLI OIVANEN &amp; MATTI AURANEN<br>Ikivihreit\u00e4 kitaralla<\/p>\n\n\n\n<p>OSKI &amp; LOS SCOBES<br>Duurikitara (single)<br>Kitara ja takki (single)<\/p>\n\n\n\n<p>OSSI AHLAPURO<br>G-mies Jerry Cotton &#8211; Kostaja Sing Singist\u00e4<br>Kreikkalaisittain<\/p>\n\n\n\n<p>OUTI POPP<br>Astu siniseen huoneeseeni<\/p>\n\n\n\n<p>PAAJANEN<br>Enkelit hei (single)<br>Mies joka tiesi liikaa<br>Nainen katoaa<br>Psyko<br>Vuori huolia (single)<\/p>\n\n\n\n<p>PASI &amp; PEKKA<br>Jungle rock &#8211; Kaikki Satsanga-levytykset<\/p>\n\n\n\n<p>PEKKA MASALIN<br>Reipas on rautaa<\/p>\n\n\n\n<p>PEKKA TEGELMAN<br>N\u00e4in<\/p>\n\n\n\n<p>PENTTI KELAVIRTA<br>Mik\u00e4 on is\u00e4nmaa?<\/p>\n\n\n\n<p>PENTTI KUMPULAINEN<br>Viimeinen savotta<\/p>\n\n\n\n<p>PENTTI PUNTTI BAND, THE<br>Puntit tasan<\/p>\n\n\n\n<p>PEPE WILLBERG<br>14 rakastetuinta kansanlaulua<br>14 suomalaista kestosuosikkia<br>20 suosikkia<br>Kun joulu on<\/p>\n\n\n\n<p>PETER SWING &amp; OUT OF BOUNDS<br>Golfataan<\/p>\n\n\n\n<p>PETRI HOHENTHAL<br>Laulu se on iltojeni ilo<\/p>\n\n\n\n<p>PETRI PETTERSSON<br>Ajatus el\u00e4\u00e4<br>Lindin Kaisa (single)<br>Omin jaloin<br>Pihatontun unelma (single)<\/p>\n\n\n\n<p>PIRITTA<br>Discohumppaa<br>Sateiset kadut &#8211; Kootut levytykset 1974-1976<\/p>\n\n\n\n<p>POJAT<br>Ket\u00e4 s\u00e4 rakastat<br>M\u00e4 uskon meihin (single)<br>Palaa<br>Santaa (single)<br>Toimintaa &amp; sankareita<\/p>\n\n\n\n<p>PORNAISTEN V\u00c4KI<br>Terveisi\u00e4 Pornaisista &#8211; H\u00e4vitt\u00f6mi\u00e4 lauluja<\/p>\n\n\n\n<p>POSPISIL<br>Acapulco<br>You Belong to Me<\/p>\n\n\n\n<p>PUOLIKUU<br>El\u00e4n joka sekunnin (single)<br>Huuda hiljaa<br>Onko taivas korkealla<br>Puolikuu<\/p>\n\n\n\n<p>RAIJA RUUSKA<br>Suukko viel\u00e4<\/p>\n\n\n\n<p>RAINER BOLLSTR\u00d6M<br>Hyv\u00e4\u00e4 iltaa kuu<br>Kulje kanssain<br>Valkoisia valheita<br>Vuosien j\u00e4lkeen<\/p>\n\n\n\n<p>RAUNI PEKKALA<br>Sovinto (single)<\/p>\n\n\n\n<p>REHTORIT<br>Kansainv\u00e4linen salaliitto<\/p>\n\n\n\n<p>REIJO SALMINEN<br>Tiki taki taa<\/p>\n\n\n\n<p>REIJO VIITA<br>Maailman matkamies<\/p>\n\n\n\n<p>REINO LAUANNE<br>Malja sinulle<\/p>\n\n\n\n<p>REXI<br>Parhaat<\/p>\n\n\n\n<p>ROBIN<br>Aamujumpat<br>Body-Building<br>Iltajumpat<br>Robin<\/p>\n\n\n\n<p>ROCKALL<br>Ikiliikkuja (single)<br>Satakieli (single)<br>Teinin kehtolaulu (single)<br>Tinasotilas (single)<\/p>\n\n\n\n<p>ROMALES<br>Tumma ja hehkuva veri<\/p>\n\n\n\n<p>RUMIEN MIESTEN YHTYE<br>Sarjakuvasankari (single)<\/p>\n\n\n\n<p>SAKARI WIRTA &amp; TIINA HANNELE<br>Nokipoika<\/p>\n\n\n\n<p>SAKARI WIRTA, TIINA HANNELE, SARI SAVOLAINEN &amp; JARI SAVOLAINEN<br>Pikku posteljooni<\/p>\n\n\n\n<p>SAKSA BROTHERS<br>Rankka p\u00e4iv\u00e4<\/p>\n\n\n\n<p>SALOMON<br>Kadonneet laulut<br>Uudet tuulet<\/p>\n\n\n\n<p>SALSA NUEVA!<br>Hengaillaan (single)<br>Pid\u00e4 huolta (single)<\/p>\n\n\n\n<p>SARCOFAGUS<br>Anthology 1979-1982<br>Cycle of Life<br>Envoy of Death<br>Go to Hell (single)<\/p>\n\n\n\n<p>SEPI KUU<br>Rannan usvassa<\/p>\n\n\n\n<p>SEPPO ALVARI<br>Dollariviisut<br>Ei t\u00e4m\u00e4n j\u00e4lkeen (single)<br>Ensipainos (single)<br>Haavoittunut pikkuinen (single)<br>Kylm\u00e4 liekki (single)<br>Muisto meist\u00e4 (single)<br>Niin kuin sovittiin (single)<br>Olethan niin kuin kotonasi (single)<br>Os. 43-44 (single)<br>Pelkurit peittelee kyyneleit\u00e4\u00e4n (single)<br>Pienemm\u00e4n riesan tie<br>Pysy pois (single)<br>Rakkaus valitsi meid\u00e4t (single)<br>Sun kyynelees (single)<br>Usko sek\u00e4 toivo rakkauteen (single)<\/p>\n\n\n\n<p>SEPPO ALVARI &amp; OUTLAW BOYS<br>Nashville<\/p>\n\n\n\n<p>SEPO ALVARI &amp; THE CLAYHILL BROTHERS<br>Matka on mun m\u00e4\u00e4r\u00e4np\u00e4\u00e4<\/p>\n\n\n\n<p>SEPPO ALVARI &amp; THE HIKERS<br>Kes\u00e4n tunne (single)<br>Oi, helppoa el\u00e4m\u00e4\u00e4 (single)<br>P\u00e4iv\u00e4n p\u00e4\u00e4ttyess\u00e4 (single)<br>Sadun ruusu (single)<br>Sua kaipaa en (vaikka niin kaipaankin) (single)<br>Tanssijatar (single)<\/p>\n\n\n\n<p>SEPPO HANSKI<br>Erehdyin kerran &#8211; Levytyksi\u00e4 vuosilta 1976-1980<\/p>\n\n\n\n<p>SEPPO HOVI<br>Hanuristi<\/p>\n\n\n\n<p>SEPPO IHME<br>Julia<\/p>\n\n\n\n<p>SEPPO RANNIKKO<br>Jailhouse Rock<\/p>\n\n\n\n<p>SH\u00d6CKING BLU<br>Enemm\u00e4n kuin el\u00e4m\u00e4 on lempi, enemm\u00e4n kuin lempi moinen kuolo<\/p>\n\n\n\n<p>SILKAMAT<br>69 seksi-ilkamaa<\/p>\n\n\n\n<p>SIMO SALMINEN<br>Melkein viimeist\u00e4 huutoa<\/p>\n\n\n\n<p>SINKKONEN, GASSOT &amp; INKA<br>Valkea y\u00f6 (single)<\/p>\n\n\n\n<p>SOLID<br>Routakuun laulu<\/p>\n\n\n\n<p>SON SABROSON &amp; C.H.A.<br>Entre Salsa y Son<\/p>\n\n\n\n<p>SONJA LUMME<br>Anna olla vapaa<br>Easy Life<br>El\u00e4k\u00f6\u00f6n el\u00e4m\u00e4 (single)<br>P\u00e4iv\u00e4 ja y\u00f6<br>P\u00e4iv\u00e4 ja y\u00f6 &#8211; Kootut levytykset 1983-1985<\/p>\n\n\n\n<p>ST. PETERSAARI<br>Hauras (single)<br>Kalenteritytt\u00f6 (single)<br>Kello k\u00e4y<br>Merkillinen p\u00e4iv\u00e4 (single)<br>Sinist\u00e4 suolaa (single)<br>Sunnuntaiaamuna (single)<br>Uhrin laulu (single)<br>Uusia muistoja<\/p>\n\n\n\n<p>SUOMEN TULLI<br>Kolme kev\u00e4tt\u00e4<br>Kukkola<br>Tienp\u00e4\u00e4 (single)<\/p>\n\n\n\n<p>SUSAN ROSIAK<br>Ilon kyyneleet (single)<\/p>\n\n\n\n<p>SVEN NYG\u00c5RD<br>Muistojen mailla<\/p>\n\n\n\n<p>T.T.OKSALA<br>Radio Storm<\/p>\n\n\n\n<p>T.T. PURONTAKA<br>Luvaton tie (single)<br>Sittenkin vain sin\u00e4 (single)<br>Tahdon el\u00e4\u00e4<br>Tahdon el\u00e4\u00e4 (single)<br>T\u00e4htitytt\u00f6ni mun (single)<br>Vaikka t\u00e4hdet sammuu (single)<\/p>\n\n\n\n<p>T.T. PURONTAKA &amp; TARJA LUNNAS<br>L\u00e4pi kyynelten (single)<\/p>\n\n\n\n<p>TAISTO SAARESAHO<br>Aikamiehen nainen (single)<\/p>\n\n\n\n<p>TAISTO WESSLIN<br>Johnny Guitar<\/p>\n\n\n\n<p>TALJANKA<br>Kaksi kuvaa rinnakkain<\/p>\n\n\n\n<p>TARU<br>Mandolino (single)<\/p>\n\n\n\n<p>TEUVO IHANUS &amp; AARO KURKELA<br>Illan h\u00e4m\u00e4rtyess\u00e4<\/p>\n\n\n\n<p>TIKKURILAN MIESKUORO<br>Huoleton reissumies<\/p>\n\n\n\n<p>TIMI ISBERG<br>Angelique (single)<br>J\u00e4rvet (single)<br>Nuori syd\u00e4n<\/p>\n\n\n\n<p>TIN JANINE<br>Let Me Hear Your Love Beat (single)<br>Yellow Fingers (single)<\/p>\n\n\n\n<p>TOHTORI LOUNAMO<br>J\u00e4\u00e4k\u00e4rishotti (single)<br>Koukussa<br>P\u00e4\u00e4 kylm\u00e4n\u00e4<br>Tyhmyys on in<\/p>\n\n\n\n<p>TONI ANTONE &amp; TUOMO TANSKA TRIO<br>As Time Goes By<\/p>\n\n\n\n<p>TOPI &amp; TOIVOTTOMAT<br>Duunarin humppa &#8211; Kootut levytykset 1980-1981<br>Kierr\u00e4n keh\u00e4\u00e4<br>Parhaat<br>Samba on samma kuin sex<br>Topi &amp; Toivottomat<\/p>\n\n\n\n<p>TUPAKAN YST\u00c4V\u00c4T<br>El\u00e4misen riemu ja kurjuus<br>Friends of Tobago, the<br>Joulujollotus (single)<br>Koiratanssit (single)<br>L\u00e4\u00e4k\u00e4ri (single)<br>Mummola<br>Rakkauden on hyv\u00e4 olla (single)<br>Suonsilm\u00e4 (single)<br>Tivoli Heinola<br>Viisi vuotta my\u00f6hemmin (single)<br>Y\u00f6n h\u00e4m\u00e4r\u00e4\u00e4n (single)<\/p>\n\n\n\n<p>TWIGGY OLIVER<br>Kes\u00e4 on okei (single)<br>Tullaan kaikki jouluksi kotiin (single)<br>Twiggy Oliver<\/p>\n\n\n\n<p>VALKOINEN PILVI<br>Tuuliajolla (single)<\/p>\n\n\n\n<p>VANTAAN S\u00c4VELKUORO<br>Tunnelman taikaa<\/p>\n\n\n\n<p>VARAQUE<br>Ei hyv\u00e4lt\u00e4 n\u00e4yt\u00e4 (single)<br>EP (single)<br>Kenraali, panssasivaunusi on vahva vaunu (single)<br>Lemmenkipe\u00e4 (single)<br>Meid\u00e4n politiikkamme &#8211; Kaikki levytykset 2001-2015<br>Planeettojen liikkeen on jatkuttava<\/p>\n\n\n\n<p>VEIJO ULLAKKO<br>Kuluneen siniset<\/p>\n\n\n\n<p>VEIKKO LAVI<br>Varis ja valtion varaty\u00f6mies<\/p>\n\n\n\n<p>VELI TOUKOMIES<br>Seksi kansanperinteess\u00e4<\/p>\n\n\n\n<p>VESA-MATTI LOIRI<br>Rakastunut rampa (single)<\/p>\n\n\n\n<p>VILI RONKAINEN<br>Ohimennen<\/p>\n\n\n\n<p>VOICE OF MENGELE, THE<br>Dancin\u00b4 Like an Alien (single)<br>I Can\u00b4t Sleep in Hell<\/p>\n\n\n\n<p>V\u00c4IN\u00d6 VIIKSI<br>Tosi karpaasi (single)<\/p>\n\n\n\n<p>YRJ\u00d6 LATVA<br>On hetki tunnelman<\/p>\n\n\n\n<hr class=\"wp-block-separator has-alpha-channel-opacity\"\/>\n\n\n\n<p>ERI ESITT\u00c4JIEN KOKOELMAT<br>60-luvun suosikki-iskelm\u00e4t, n:o 1<br>60-luvun suosikki-iskelm\u00e4t, n:o 2<br>60-luvun suosikki-iskelm\u00e4t, n:o 3<br>60-luvun suosikki-iskelm\u00e4t, n:o 4<br>60-luvun suosikki-iskelm\u00e4t, n:o 5<br>60-luvun suosikki-iskelm\u00e4t, n:o 6<br>Aikuisten iskuhitit<br>Aja hiljaa isi<br>Country city 2 &#8211; M\u00e4 l\u00e4hden stadiin<br>Denver dinosaurus &#8211; Lasten toivelauluja<br>Disco City 2<br>Disco City 3<br>Disco City 4 &#8211; Kotimaan hitit<br>Disco City 6 &#8211; Kotimaan hitit<br>Disco City 7 &#8211; Kotimaan hitit<br>Disco City 8 &#8211; Kotimaan hitit<br>Disco City 10 &#8211; Kotimaan hitit<br>Disco City 11 &#8211; Maantiehitit<br>El\u00e4m\u00e4 on iskelm\u00e4\u00e4, vol. 1<br>El\u00e4m\u00e4 on iskelm\u00e4\u00e4, vol. 2<br>El\u00e4m\u00e4 on iskelm\u00e4\u00e4, vol. 3<br>El\u00e4m\u00e4 on iskelm\u00e4\u00e4, vol. 4<br>Hankirallit<br>Hanuriparaati<br>Helianderin huoltamokasetit<br>Hittikimara<br>Hittiputki 2<br>Ihmisen ik\u00e4v\u00e4<br>Ilokaasua<br>Ilta Iisalmessa! Iskelm\u00e4harvinaisuuksia 1970-luvulta<br>Jalalla koreasti<br>Jokamiehen uudet humppatanssit<br>Jos ei muistoja ois<br>Joulukabaree<br>Joulukansan juhlakonsertti<br>JP-Musiikin s\u00e4velsatoa<br>JP-Musiikki &#8211; Kaikki singlet 1979-1987<br>Jukebox No. 1<br>Jukebox No. 4<br>Jukebox No. 5<br>Jyt\u00e4\u00e4! Pop- ja rock-harvinaisuuksia 1970-luvulta<br>Kadonnneet iskelm\u00e4t 1<br>Kadonnneet iskelm\u00e4t 2<br>Kadonnneet iskelm\u00e4t 3<br>Kadonnneet iskelm\u00e4t 4<br>Kadonnneet iskelm\u00e4t 5<br>Kaikenkarvaiset yst\u00e4v\u00e4mme<br>Kaunis Suomi<br>Kotikirkkoni joulun kellot<br>Kotimainen puolituntinen<br>Kotiseutuhumpat<br>Kotoisen kevyesti<br>Kulkuri, kuu sek\u00e4 t\u00e4hti<br>Kultainen nuoruus &#8211; Kullervo Linna solisteineen<br>Kun joulupukki suukon sai<br>K\u00e4nkk\u00e4r\u00e4nkk\u00e4 ja koko muu konkkaronkka<br>K\u00e4nkk\u00e4r\u00e4nk\u00e4n joulu<br>Lapin taikaa<br>Lapsen vuoden lauluja<br>Laserhitit<br>Laserhitit lapsille<br>Lasten hittiparaati<br>Lasten toivekonsertti &#8211; 50 suosittua lastenlaulua<br>Lasten tv-suosikit 2<br>Lauluja kiven sis\u00e4lt\u00e4<br>Lepop\u00e4iv\u00e4n ratoksi<br>Lepop\u00e4iv\u00e4n ratoksi 4<br>Liikaa l\u00e4mp\u00f6\u00e4! Iskelm\u00e4harvinaisuuksia 1970-luvulta<br>Listasuosikit 4<br>Listasuosikit 5<br>Lomadisco &#8211; Kotimaan hitit<br>Menop\u00e4\u00e4ll\u00e4<br>Menop\u00e4\u00e4ll\u00e4<br>Mets\u00e4m\u00f6kin tonttu<br>Mit\u00e4 Suomi soittaa 1<br>Mit\u00e4 Suomi soittaa, vol. 1 &#8211; 50 hitti\u00e4 vuosilta 1974-1975<br>Mit\u00e4 Suomi soittaa, vol. 2 &#8211; 50 hitti\u00e4 vuosilta 1975-1976<br>Mit\u00e4 Suomi soittaa, vol. 3 &#8211; 50 hitti\u00e4 vuosilta 1976-1977<br>Mit\u00e4 Suomi soittaa, vol. 4 &#8211; 50 hitti\u00e4 vuosilta 1977-1978<br>Mukavaa musaa &#8211; Jouluspecial<br>Musiikin juhlaa 1<br>Musiikin juhlaa 2<br>Musiikin juhlaa 3<br>M\u00f6r\u00f6k\u00f6llit &#8211; 16 kivaa laulua lapsille ja lapsemielisille<br>Ole mulle kaveri &#8211; 53 suosittua lastenlaulua<br>On hyv\u00e4 nyt n\u00e4in<br>Onkimato Onerva ja Kastemato Kalle &#8211; Kaksi onnellista matoa<br>Onnea \u00e4idille<br>Panda Tao ja muut mets\u00e4l\u00e4iset<br>Peukaloinen ja muut suositut<br>Pikku mohikaani<br>Pikkujoulun tanssit<br>Pikkuv\u00e4en levyraati<br>Rankka p\u00e4iv\u00e4! Iskelm\u00e4harvinaisuuksia 1970-luvulta<br>Rautalankaklassikot<br>Riman alta ja ohi maalin &#8211; Suomi-iskelm\u00e4n hurjimmat harhalaakit<br>Ritari \u00c4ss\u00e4<br>Rock el\u00e4\u00e4<br>Satsanga Rock<br>Soita kelloain &#8211; Suomidiskon villit vuodet 1975-1982<br>Soita milloin vain<br>Suomi soittaa humppaa<br>Suomi tanssii<br>Suomi tanssii, vol. 2<br>Syksy soi hittej\u00e4 2<br>Syksyn s\u00e4vel &#8211; Mit\u00e4s me karsitut<br>S\u00e4rkynytsyd\u00e4n &amp; palavarakkaus &#8211; 50 laulua rakkaudesta<br>S\u00e4velkalenterin tyt\u00f6t<br>Takorautaa<br>Tenavadisco<br>Toivo K\u00e4rki &#8211; Uutta ja vanhaa, vanhaa ja uutta<br>Verneri veturi<br>Ykk\u00f6shitit, vol. 1<\/p>\n","protected":false},"excerpt":{"rendered":"<p>Digijulkaisut T\u00e4lt\u00e4 sivulta l\u00f6yd\u00e4t Rocket Recordsin digijulkaisujen nimikeluettelon. Listalta puuttuu yksitt\u00e4isi\u00e4 nimikkeit\u00e4. Uusimmat julkaisumme l\u00f6yd\u00e4t Spotifysta soittolistalta Rocket Recordsin uutuusjulkaisut. Rocket Recordsin digikatalogi koostuu levymerkin oman uutuustuotannon lis\u00e4ksi mm. seuraavien levymerkkien tuotannosta: Satsanga Records, JP-Musiikki, Overdisc, TopHits-FinnHits, Heliander Production, Xanadu, Finedit ja Lobo Records. AAPELI RUMMUKAINENHuumorilla ja tunteella AARNO RANINENIltamatanssitSuosikis\u00e4veli\u00e4 s\u00e4hk\u00f6uruilla ACRE KARIUnohtumaton vokstrotti AHTI &hellip; <a href=\"https:\/\/www.rocket-records.com\/fi\/digijulkaisut\/\" class=\"more-link\">Jatka lukemista<span class=\"screen-reader-text\"> &#8221;Digijulkaisut&#8221;<\/span><\/a><\/p>\n","protected":false},"author":1,"featured_media":415,"parent":0,"menu_order":0,"comment_status":"closed","ping_status":"closed","template":"","meta":{"footnotes":""},"class_list":["post-117","page","type-page","status-publish","has-post-thumbnail","hentry"],"_links":{"self":[{"href":"https:\/\/www.rocket-records.com\/fi\/wp-json\/wp\/v2\/pages\/117","targetHints":{"allow":["GET"]}}],"collection":[{"href":"https:\/\/www.rocket-records.com\/fi\/wp-json\/wp\/v2\/pages"}],"about":[{"href":"https:\/\/www.rocket-records.com\/fi\/wp-json\/wp\/v2\/types\/page"}],"author":[{"embeddable":true,"href":"https:\/\/www.rocket-records.com\/fi\/wp-json\/wp\/v2\/users\/1"}],"replies":[{"embeddable":true,"href":"https:\/\/www.rocket-records.com\/fi\/wp-json\/wp\/v2\/comments?post=117"}],"version-history":[{"count":32,"href":"https:\/\/www.rocket-records.com\/fi\/wp-json\/wp\/v2\/pages\/117\/revisions"}],"predecessor-version":[{"id":843,"href":"https:\/\/www.rocket-records.com\/fi\/wp-json\/wp\/v2\/pages\/117\/revisions\/843"}],"wp:featuredmedia":[{"embeddable":true,"href":"https:\/\/www.rocket-records.com\/fi\/wp-json\/wp\/v2\/media\/415"}],"wp:attachment":[{"href":"https:\/\/www.rocket-records.com\/fi\/wp-json\/wp\/v2\/media?parent=117"}],"curies":[{"name":"wp","href":"https:\/\/api.w.org\/{rel}","templated":true}]}}