{"id":2,"date":"2019-09-27T16:09:08","date_gmt":"2019-09-27T13:09:08","guid":{"rendered":"http:\/\/www.rocket-records.com\/fi\/?page_id=2"},"modified":"2026-03-08T14:30:02","modified_gmt":"2026-03-08T12:30:02","slug":"yhteystiedot","status":"publish","type":"page","link":"https:\/\/www.rocket-records.com\/fi\/yhteystiedot\/","title":{"rendered":"Info"},"content":{"rendered":"\n<p>Rocket Records on vuoden 2007 alussa toimintansa aloittanut levy-yhti\u00f6. Toimintansa aikana Rocket Records on julkaissut sek\u00e4 uutta musiikkia ett\u00e4 julkaissut uusintapainoksia vanhoista \u00e4\u00e4nitteist\u00e4. Nyky\u00e4\u00e4n toiminta on keskittynyt levy-yhti\u00f6n hallinnoiman \u00e4\u00e4nitekatalogin digitaalisiin julkaisuihin. Katalogi sis\u00e4lt\u00e4\u00e4 noin 6 000 levytyst\u00e4 vuosien 1972-2026 v\u00e4lilt\u00e4. Levy-yhti\u00f6 ei harjoita uuden musiikin julkaisutoimintaa eik\u00e4 etsi uusia artistikiinnityksi\u00e4.<br><br><strong>Yhteystiedot:<\/strong><br><br>Rocket Records \/ Juha Rantala<br>E-mail: <a href=\"mailto:juha.rantala@rocket-records.com\" data-type=\"mailto\" data-id=\"mailto:juha.rantala@rocket-records.com\">juha.rantala@rocket-records.com<\/a><br><br><strong>Levyjen jakelu:<\/strong><br><br><a href=\"https:\/\/www.playgroundmusic.fi\/yhteystiedot\" target=\"_blank\" rel=\"noreferrer noopener\">Playground Music Oy<\/a><br>PL 222<br>33201 Tampere<br>E-mail: <a href=\"mailto:tom@playgroundmusic.com\">tom@playgroundmusic.com<\/a><br>Puh. 010 292 0501<\/p>\n","protected":false},"excerpt":{"rendered":"<p>Rocket Records on vuoden 2007 alussa toimintansa aloittanut levy-yhti\u00f6. Toimintansa aikana Rocket Records on julkaissut sek\u00e4 uutta musiikkia ett\u00e4 julkaissut uusintapainoksia vanhoista \u00e4\u00e4nitteist\u00e4. Nyky\u00e4\u00e4n toiminta on keskittynyt levy-yhti\u00f6n hallinnoiman \u00e4\u00e4nitekatalogin digitaalisiin julkaisuihin. Katalogi sis\u00e4lt\u00e4\u00e4 noin 6 000 levytyst\u00e4 vuosien 1972-2026 v\u00e4lilt\u00e4. Levy-yhti\u00f6 ei harjoita uuden musiikin julkaisutoimintaa eik\u00e4 etsi uusia artistikiinnityksi\u00e4. Yhteystiedot: Rocket Records \/ &hellip; <a href=\"https:\/\/www.rocket-records.com\/fi\/yhteystiedot\/\" class=\"more-link\">Jatka lukemista<span class=\"screen-reader-text\"> &#8221;Info&#8221;<\/span><\/a><\/p>\n","protected":false},"author":1,"featured_media":0,"parent":0,"menu_order":0,"comment_status":"closed","ping_status":"open","template":"","meta":{"footnotes":""},"class_list":["post-2","page","type-page","status-publish","hentry"],"_links":{"self":[{"href":"https:\/\/www.rocket-records.com\/fi\/wp-json\/wp\/v2\/pages\/2","targetHints":{"allow":["GET"]}}],"collection":[{"href":"https:\/\/www.rocket-records.com\/fi\/wp-json\/wp\/v2\/pages"}],"about":[{"href":"https:\/\/www.rocket-records.com\/fi\/wp-json\/wp\/v2\/types\/page"}],"author":[{"embeddable":true,"href":"https:\/\/www.rocket-records.com\/fi\/wp-json\/wp\/v2\/users\/1"}],"replies":[{"embeddable":true,"href":"https:\/\/www.rocket-records.com\/fi\/wp-json\/wp\/v2\/comments?post=2"}],"version-history":[{"count":52,"href":"https:\/\/www.rocket-records.com\/fi\/wp-json\/wp\/v2\/pages\/2\/revisions"}],"predecessor-version":[{"id":850,"href":"https:\/\/www.rocket-records.com\/fi\/wp-json\/wp\/v2\/pages\/2\/revisions\/850"}],"wp:attachment":[{"href":"https:\/\/www.rocket-records.com\/fi\/wp-json\/wp\/v2\/media?parent=2"}],"curies":[{"name":"wp","href":"https:\/\/api.w.org\/{rel}","templated":true}]}}